{"id":318,"date":"2021-04-10T10:44:28","date_gmt":"2021-04-10T10:44:28","guid":{"rendered":"https:\/\/chantalmelki.ga\/accueil\/"},"modified":"2022-10-14T14:54:00","modified_gmt":"2022-10-14T14:54:00","slug":"accueil","status":"publish","type":"page","link":"https:\/\/alexicordiano.com\/en\/","title":{"rendered":"Home"},"content":{"rendered":"","protected":false},"excerpt":{"rendered":"","protected":false},"author":2,"featured_media":0,"parent":0,"menu_order":0,"comment_status":"closed","ping_status":"closed","template":"template-home.php","meta":{"footnotes":""},"class_list":["post-318","page","type-page","status-publish","hentry"],"acf":[],"yoast_head":"<!-- This site is optimized with the Yoast SEO plugin v26.8 - https:\/\/yoast.com\/product\/yoast-seo-wordpress\/ -->\n<title>Home - Alexi Cordiano | Courtier hypoth\u00e9caire<\/title>\n<meta name=\"description\" content=\"Ma mission est de vous offrir des recommandations permettant d\u2019am\u00e9liorer votre portrait financier en fonction de vos besoins. N\u2019h\u00e9sitez pas \u00e0 me contacter!\" \/>\n<meta name=\"robots\" content=\"index, follow, max-snippet:-1, max-image-preview:large, max-video-preview:-1\" \/>\n<link rel=\"canonical\" href=\"https:\/\/alexicordiano.com\/en\/\" \/>\n<meta property=\"og:locale\" content=\"en_US\" \/>\n<meta property=\"og:type\" content=\"article\" \/>\n<meta property=\"og:title\" content=\"Home - Alexi Cordiano | Courtier hypoth\u00e9caire\" \/>\n<meta property=\"og:description\" content=\"Ma mission est de vous offrir des recommandations permettant d\u2019am\u00e9liorer votre portrait financier en fonction de vos besoins. N\u2019h\u00e9sitez pas \u00e0 me contacter!\" \/>\n<meta property=\"og:url\" content=\"https:\/\/alexicordiano.com\/en\/\" \/>\n<meta property=\"og:site_name\" content=\"Alexi Cordiano | Courtier hypoth\u00e9caire\" \/>\n<meta property=\"article:publisher\" content=\"https:\/\/www.facebook.com\/alexicordiano.conseillerfinancier\/\" \/>\n<meta property=\"article:modified_time\" content=\"2022-10-14T14:54:00+00:00\" \/>\n<meta property=\"og:image\" content=\"https:\/\/alexicordiano.com\/wp-content\/uploads\/2022\/10\/Alexi-Cordiano-OG.jpg\" \/>\n\t<meta property=\"og:image:width\" content=\"1908\" \/>\n\t<meta property=\"og:image:height\" content=\"964\" \/>\n\t<meta property=\"og:image:type\" content=\"image\/jpeg\" \/>\n<meta name=\"twitter:card\" content=\"summary_large_image\" \/>\n<script type=\"application\/ld+json\" class=\"yoast-schema-graph\">{\"@context\":\"https:\/\/schema.org\",\"@graph\":[{\"@type\":\"WebPage\",\"@id\":\"https:\/\/alexicordiano.com\/en\/\",\"url\":\"https:\/\/alexicordiano.com\/en\/\",\"name\":\"Home - Alexi Cordiano | Courtier hypoth\u00e9caire\",\"isPartOf\":{\"@id\":\"https:\/\/alexicordiano.com\/#website\"},\"datePublished\":\"2021-04-10T10:44:28+00:00\",\"dateModified\":\"2022-10-14T14:54:00+00:00\",\"description\":\"Ma mission est de vous offrir des recommandations permettant d\u2019am\u00e9liorer votre portrait financier en fonction de vos besoins. N\u2019h\u00e9sitez pas \u00e0 me contacter!\",\"inLanguage\":\"en-US\",\"potentialAction\":[{\"@type\":\"ReadAction\",\"target\":[\"https:\/\/alexicordiano.com\/en\/\"]}]},{\"@type\":\"WebSite\",\"@id\":\"https:\/\/alexicordiano.com\/#website\",\"url\":\"https:\/\/alexicordiano.com\/\",\"name\":\"Alexi Cordiano | Conseiller en s\u00e9curit\u00e9 financi\u00e8re\",\"description\":\"Courtier hypoth\u00e9caire\",\"publisher\":{\"@id\":\"https:\/\/alexicordiano.com\/#organization\"},\"alternateName\":\"Alexi Cordiano\",\"potentialAction\":[{\"@type\":\"SearchAction\",\"target\":{\"@type\":\"EntryPoint\",\"urlTemplate\":\"https:\/\/alexicordiano.com\/?s={search_term_string}\"},\"query-input\":{\"@type\":\"PropertyValueSpecification\",\"valueRequired\":true,\"valueName\":\"search_term_string\"}}],\"inLanguage\":\"en-US\"},{\"@type\":\"Organization\",\"@id\":\"https:\/\/alexicordiano.com\/#organization\",\"name\":\"Alexi Cordiano | Conseiller en s\u00e9curit\u00e9 financi\u00e8re\",\"url\":\"https:\/\/alexicordiano.com\/\",\"logo\":{\"@type\":\"ImageObject\",\"inLanguage\":\"en-US\",\"@id\":\"https:\/\/alexicordiano.com\/#\/schema\/logo\/image\/\",\"url\":\"http:\/\/alexicordiano.com\/wp-content\/uploads\/2022\/09\/logo_light_001.png\",\"contentUrl\":\"http:\/\/alexicordiano.com\/wp-content\/uploads\/2022\/09\/logo_light_001.png\",\"width\":2048,\"height\":525,\"caption\":\"Alexi Cordiano | Conseiller en s\u00e9curit\u00e9 financi\u00e8re\"},\"image\":{\"@id\":\"https:\/\/alexicordiano.com\/#\/schema\/logo\/image\/\"},\"sameAs\":[\"https:\/\/www.facebook.com\/alexicordiano.conseillerfinancier\/\",\"https:\/\/ca.linkedin.com\/in\/alexi-cordiano-160116a9\",\"https:\/\/www.instagram.com\/alexi_cordiano\/\"]}]}<\/script>\n<!-- \/ Yoast SEO plugin. -->","yoast_head_json":{"title":"Home - Alexi Cordiano | Courtier hypoth\u00e9caire","description":"Ma mission est de vous offrir des recommandations permettant d\u2019am\u00e9liorer votre portrait financier en fonction de vos besoins. N\u2019h\u00e9sitez pas \u00e0 me contacter!","robots":{"index":"index","follow":"follow","max-snippet":"max-snippet:-1","max-image-preview":"max-image-preview:large","max-video-preview":"max-video-preview:-1"},"canonical":"https:\/\/alexicordiano.com\/en\/","og_locale":"en_US","og_type":"article","og_title":"Home - Alexi Cordiano | Courtier hypoth\u00e9caire","og_description":"Ma mission est de vous offrir des recommandations permettant d\u2019am\u00e9liorer votre portrait financier en fonction de vos besoins. N\u2019h\u00e9sitez pas \u00e0 me contacter!","og_url":"https:\/\/alexicordiano.com\/en\/","og_site_name":"Alexi Cordiano | Courtier hypoth\u00e9caire","article_publisher":"https:\/\/www.facebook.com\/alexicordiano.conseillerfinancier\/","article_modified_time":"2022-10-14T14:54:00+00:00","og_image":[{"width":1908,"height":964,"url":"https:\/\/alexicordiano.com\/wp-content\/uploads\/2022\/10\/Alexi-Cordiano-OG.jpg","type":"image\/jpeg"}],"twitter_card":"summary_large_image","schema":{"@context":"https:\/\/schema.org","@graph":[{"@type":"WebPage","@id":"https:\/\/alexicordiano.com\/en\/","url":"https:\/\/alexicordiano.com\/en\/","name":"Home - Alexi Cordiano | Courtier hypoth\u00e9caire","isPartOf":{"@id":"https:\/\/alexicordiano.com\/#website"},"datePublished":"2021-04-10T10:44:28+00:00","dateModified":"2022-10-14T14:54:00+00:00","description":"Ma mission est de vous offrir des recommandations permettant d\u2019am\u00e9liorer votre portrait financier en fonction de vos besoins. N\u2019h\u00e9sitez pas \u00e0 me contacter!","inLanguage":"en-US","potentialAction":[{"@type":"ReadAction","target":["https:\/\/alexicordiano.com\/en\/"]}]},{"@type":"WebSite","@id":"https:\/\/alexicordiano.com\/#website","url":"https:\/\/alexicordiano.com\/","name":"Alexi Cordiano | Conseiller en s\u00e9curit\u00e9 financi\u00e8re","description":"Courtier hypoth\u00e9caire","publisher":{"@id":"https:\/\/alexicordiano.com\/#organization"},"alternateName":"Alexi Cordiano","potentialAction":[{"@type":"SearchAction","target":{"@type":"EntryPoint","urlTemplate":"https:\/\/alexicordiano.com\/?s={search_term_string}"},"query-input":{"@type":"PropertyValueSpecification","valueRequired":true,"valueName":"search_term_string"}}],"inLanguage":"en-US"},{"@type":"Organization","@id":"https:\/\/alexicordiano.com\/#organization","name":"Alexi Cordiano | Conseiller en s\u00e9curit\u00e9 financi\u00e8re","url":"https:\/\/alexicordiano.com\/","logo":{"@type":"ImageObject","inLanguage":"en-US","@id":"https:\/\/alexicordiano.com\/#\/schema\/logo\/image\/","url":"http:\/\/alexicordiano.com\/wp-content\/uploads\/2022\/09\/logo_light_001.png","contentUrl":"http:\/\/alexicordiano.com\/wp-content\/uploads\/2022\/09\/logo_light_001.png","width":2048,"height":525,"caption":"Alexi Cordiano | Conseiller en s\u00e9curit\u00e9 financi\u00e8re"},"image":{"@id":"https:\/\/alexicordiano.com\/#\/schema\/logo\/image\/"},"sameAs":["https:\/\/www.facebook.com\/alexicordiano.conseillerfinancier\/","https:\/\/ca.linkedin.com\/in\/alexi-cordiano-160116a9","https:\/\/www.instagram.com\/alexi_cordiano\/"]}]}},"_links":{"self":[{"href":"https:\/\/alexicordiano.com\/en\/wp-json\/wp\/v2\/pages\/318","targetHints":{"allow":["GET"]}}],"collection":[{"href":"https:\/\/alexicordiano.com\/en\/wp-json\/wp\/v2\/pages"}],"about":[{"href":"https:\/\/alexicordiano.com\/en\/wp-json\/wp\/v2\/types\/page"}],"author":[{"embeddable":true,"href":"https:\/\/alexicordiano.com\/en\/wp-json\/wp\/v2\/users\/2"}],"replies":[{"embeddable":true,"href":"https:\/\/alexicordiano.com\/en\/wp-json\/wp\/v2\/comments?post=318"}],"version-history":[{"count":21,"href":"https:\/\/alexicordiano.com\/en\/wp-json\/wp\/v2\/pages\/318\/revisions"}],"predecessor-version":[{"id":1069,"href":"https:\/\/alexicordiano.com\/en\/wp-json\/wp\/v2\/pages\/318\/revisions\/1069"}],"wp:attachment":[{"href":"https:\/\/alexicordiano.com\/en\/wp-json\/wp\/v2\/media?parent=318"}],"curies":[{"name":"wp","href":"https:\/\/api.w.org\/{rel}","templated":true}]}}