{"id":1017,"date":"2022-10-03T15:58:51","date_gmt":"2022-10-03T15:58:51","guid":{"rendered":"https:\/\/mwdemos.ga\/alexi\/?page_id=1017"},"modified":"2022-10-03T17:08:01","modified_gmt":"2022-10-03T17:08:01","slug":"critical-illness-insurance","status":"publish","type":"page","link":"https:\/\/alexicordiano.com\/en\/critical-illness-insurance\/","title":{"rendered":"Critical Illness Insurance"},"content":{"rendered":"","protected":false},"excerpt":{"rendered":"","protected":false},"author":2,"featured_media":861,"parent":0,"menu_order":0,"comment_status":"closed","ping_status":"closed","template":"template-service.php","meta":{"footnotes":""},"class_list":["post-1017","page","type-page","status-publish","has-post-thumbnail","hentry"],"acf":[],"yoast_head":"<!-- This site is optimized with the Yoast SEO plugin v26.8 - https:\/\/yoast.com\/product\/yoast-seo-wordpress\/ -->\n<title>Critical Illness Insurance - Alexi Cordiano | Courtier hypoth\u00e9caire<\/title>\n<meta name=\"description\" content=\"Ma mission est de vous offrir des recommandations permettant d\u2019am\u00e9liorer votre portrait financier en fonction de vos besoins. N\u2019h\u00e9sitez pas \u00e0 me contacter!\" \/>\n<meta name=\"robots\" content=\"index, follow, max-snippet:-1, max-image-preview:large, max-video-preview:-1\" \/>\n<link rel=\"canonical\" href=\"https:\/\/alexicordiano.com\/en\/critical-illness-insurance\/\" \/>\n<meta property=\"og:locale\" content=\"en_US\" \/>\n<meta property=\"og:type\" content=\"article\" \/>\n<meta property=\"og:title\" content=\"Critical Illness Insurance - Alexi Cordiano | Courtier hypoth\u00e9caire\" \/>\n<meta property=\"og:description\" content=\"Ma mission est de vous offrir des recommandations permettant d\u2019am\u00e9liorer votre portrait financier en fonction de vos besoins. N\u2019h\u00e9sitez pas \u00e0 me contacter!\" \/>\n<meta property=\"og:url\" content=\"https:\/\/alexicordiano.com\/en\/critical-illness-insurance\/\" \/>\n<meta property=\"og:site_name\" content=\"Alexi Cordiano | Courtier hypoth\u00e9caire\" \/>\n<meta property=\"article:publisher\" content=\"https:\/\/www.facebook.com\/alexicordiano.conseillerfinancier\/\" \/>\n<meta property=\"article:modified_time\" content=\"2022-10-03T17:08:01+00:00\" \/>\n<meta property=\"og:image\" content=\"https:\/\/alexicordiano.com\/wp-content\/uploads\/2022\/09\/home_bg_002.jpg\" \/>\n\t<meta property=\"og:image:width\" content=\"1920\" \/>\n\t<meta property=\"og:image:height\" content=\"1280\" \/>\n\t<meta property=\"og:image:type\" content=\"image\/jpeg\" \/>\n<meta name=\"twitter:card\" content=\"summary_large_image\" \/>\n<script type=\"application\/ld+json\" class=\"yoast-schema-graph\">{\"@context\":\"https:\/\/schema.org\",\"@graph\":[{\"@type\":\"WebPage\",\"@id\":\"https:\/\/alexicordiano.com\/en\/critical-illness-insurance\/\",\"url\":\"https:\/\/alexicordiano.com\/en\/critical-illness-insurance\/\",\"name\":\"Critical Illness Insurance - Alexi Cordiano | Courtier hypoth\u00e9caire\",\"isPartOf\":{\"@id\":\"https:\/\/alexicordiano.com\/#website\"},\"primaryImageOfPage\":{\"@id\":\"https:\/\/alexicordiano.com\/en\/critical-illness-insurance\/#primaryimage\"},\"image\":{\"@id\":\"https:\/\/alexicordiano.com\/en\/critical-illness-insurance\/#primaryimage\"},\"thumbnailUrl\":\"https:\/\/alexicordiano.com\/wp-content\/uploads\/2022\/09\/home_bg_002.jpg\",\"datePublished\":\"2022-10-03T15:58:51+00:00\",\"dateModified\":\"2022-10-03T17:08:01+00:00\",\"description\":\"Ma mission est de vous offrir des recommandations permettant d\u2019am\u00e9liorer votre portrait financier en fonction de vos besoins. N\u2019h\u00e9sitez pas \u00e0 me contacter!\",\"inLanguage\":\"en-US\",\"potentialAction\":[{\"@type\":\"ReadAction\",\"target\":[\"https:\/\/alexicordiano.com\/en\/critical-illness-insurance\/\"]}]},{\"@type\":\"ImageObject\",\"inLanguage\":\"en-US\",\"@id\":\"https:\/\/alexicordiano.com\/en\/critical-illness-insurance\/#primaryimage\",\"url\":\"https:\/\/alexicordiano.com\/wp-content\/uploads\/2022\/09\/home_bg_002.jpg\",\"contentUrl\":\"https:\/\/alexicordiano.com\/wp-content\/uploads\/2022\/09\/home_bg_002.jpg\",\"width\":1920,\"height\":1280},{\"@type\":\"WebSite\",\"@id\":\"https:\/\/alexicordiano.com\/#website\",\"url\":\"https:\/\/alexicordiano.com\/\",\"name\":\"Alexi Cordiano | Conseiller en s\u00e9curit\u00e9 financi\u00e8re\",\"description\":\"Courtier hypoth\u00e9caire\",\"publisher\":{\"@id\":\"https:\/\/alexicordiano.com\/#organization\"},\"alternateName\":\"Alexi Cordiano\",\"potentialAction\":[{\"@type\":\"SearchAction\",\"target\":{\"@type\":\"EntryPoint\",\"urlTemplate\":\"https:\/\/alexicordiano.com\/?s={search_term_string}\"},\"query-input\":{\"@type\":\"PropertyValueSpecification\",\"valueRequired\":true,\"valueName\":\"search_term_string\"}}],\"inLanguage\":\"en-US\"},{\"@type\":\"Organization\",\"@id\":\"https:\/\/alexicordiano.com\/#organization\",\"name\":\"Alexi Cordiano | Conseiller en s\u00e9curit\u00e9 financi\u00e8re\",\"url\":\"https:\/\/alexicordiano.com\/\",\"logo\":{\"@type\":\"ImageObject\",\"inLanguage\":\"en-US\",\"@id\":\"https:\/\/alexicordiano.com\/#\/schema\/logo\/image\/\",\"url\":\"http:\/\/alexicordiano.com\/wp-content\/uploads\/2022\/09\/logo_light_001.png\",\"contentUrl\":\"http:\/\/alexicordiano.com\/wp-content\/uploads\/2022\/09\/logo_light_001.png\",\"width\":2048,\"height\":525,\"caption\":\"Alexi Cordiano | Conseiller en s\u00e9curit\u00e9 financi\u00e8re\"},\"image\":{\"@id\":\"https:\/\/alexicordiano.com\/#\/schema\/logo\/image\/\"},\"sameAs\":[\"https:\/\/www.facebook.com\/alexicordiano.conseillerfinancier\/\",\"https:\/\/ca.linkedin.com\/in\/alexi-cordiano-160116a9\",\"https:\/\/www.instagram.com\/alexi_cordiano\/\"]}]}<\/script>\n<!-- \/ Yoast SEO plugin. -->","yoast_head_json":{"title":"Critical Illness Insurance - Alexi Cordiano | Courtier hypoth\u00e9caire","description":"Ma mission est de vous offrir des recommandations permettant d\u2019am\u00e9liorer votre portrait financier en fonction de vos besoins. N\u2019h\u00e9sitez pas \u00e0 me contacter!","robots":{"index":"index","follow":"follow","max-snippet":"max-snippet:-1","max-image-preview":"max-image-preview:large","max-video-preview":"max-video-preview:-1"},"canonical":"https:\/\/alexicordiano.com\/en\/critical-illness-insurance\/","og_locale":"en_US","og_type":"article","og_title":"Critical Illness Insurance - Alexi Cordiano | Courtier hypoth\u00e9caire","og_description":"Ma mission est de vous offrir des recommandations permettant d\u2019am\u00e9liorer votre portrait financier en fonction de vos besoins. N\u2019h\u00e9sitez pas \u00e0 me contacter!","og_url":"https:\/\/alexicordiano.com\/en\/critical-illness-insurance\/","og_site_name":"Alexi Cordiano | Courtier hypoth\u00e9caire","article_publisher":"https:\/\/www.facebook.com\/alexicordiano.conseillerfinancier\/","article_modified_time":"2022-10-03T17:08:01+00:00","og_image":[{"width":1920,"height":1280,"url":"https:\/\/alexicordiano.com\/wp-content\/uploads\/2022\/09\/home_bg_002.jpg","type":"image\/jpeg"}],"twitter_card":"summary_large_image","schema":{"@context":"https:\/\/schema.org","@graph":[{"@type":"WebPage","@id":"https:\/\/alexicordiano.com\/en\/critical-illness-insurance\/","url":"https:\/\/alexicordiano.com\/en\/critical-illness-insurance\/","name":"Critical Illness Insurance - Alexi Cordiano | Courtier hypoth\u00e9caire","isPartOf":{"@id":"https:\/\/alexicordiano.com\/#website"},"primaryImageOfPage":{"@id":"https:\/\/alexicordiano.com\/en\/critical-illness-insurance\/#primaryimage"},"image":{"@id":"https:\/\/alexicordiano.com\/en\/critical-illness-insurance\/#primaryimage"},"thumbnailUrl":"https:\/\/alexicordiano.com\/wp-content\/uploads\/2022\/09\/home_bg_002.jpg","datePublished":"2022-10-03T15:58:51+00:00","dateModified":"2022-10-03T17:08:01+00:00","description":"Ma mission est de vous offrir des recommandations permettant d\u2019am\u00e9liorer votre portrait financier en fonction de vos besoins. N\u2019h\u00e9sitez pas \u00e0 me contacter!","inLanguage":"en-US","potentialAction":[{"@type":"ReadAction","target":["https:\/\/alexicordiano.com\/en\/critical-illness-insurance\/"]}]},{"@type":"ImageObject","inLanguage":"en-US","@id":"https:\/\/alexicordiano.com\/en\/critical-illness-insurance\/#primaryimage","url":"https:\/\/alexicordiano.com\/wp-content\/uploads\/2022\/09\/home_bg_002.jpg","contentUrl":"https:\/\/alexicordiano.com\/wp-content\/uploads\/2022\/09\/home_bg_002.jpg","width":1920,"height":1280},{"@type":"WebSite","@id":"https:\/\/alexicordiano.com\/#website","url":"https:\/\/alexicordiano.com\/","name":"Alexi Cordiano | Conseiller en s\u00e9curit\u00e9 financi\u00e8re","description":"Courtier hypoth\u00e9caire","publisher":{"@id":"https:\/\/alexicordiano.com\/#organization"},"alternateName":"Alexi Cordiano","potentialAction":[{"@type":"SearchAction","target":{"@type":"EntryPoint","urlTemplate":"https:\/\/alexicordiano.com\/?s={search_term_string}"},"query-input":{"@type":"PropertyValueSpecification","valueRequired":true,"valueName":"search_term_string"}}],"inLanguage":"en-US"},{"@type":"Organization","@id":"https:\/\/alexicordiano.com\/#organization","name":"Alexi Cordiano | Conseiller en s\u00e9curit\u00e9 financi\u00e8re","url":"https:\/\/alexicordiano.com\/","logo":{"@type":"ImageObject","inLanguage":"en-US","@id":"https:\/\/alexicordiano.com\/#\/schema\/logo\/image\/","url":"http:\/\/alexicordiano.com\/wp-content\/uploads\/2022\/09\/logo_light_001.png","contentUrl":"http:\/\/alexicordiano.com\/wp-content\/uploads\/2022\/09\/logo_light_001.png","width":2048,"height":525,"caption":"Alexi Cordiano | Conseiller en s\u00e9curit\u00e9 financi\u00e8re"},"image":{"@id":"https:\/\/alexicordiano.com\/#\/schema\/logo\/image\/"},"sameAs":["https:\/\/www.facebook.com\/alexicordiano.conseillerfinancier\/","https:\/\/ca.linkedin.com\/in\/alexi-cordiano-160116a9","https:\/\/www.instagram.com\/alexi_cordiano\/"]}]}},"_links":{"self":[{"href":"https:\/\/alexicordiano.com\/en\/wp-json\/wp\/v2\/pages\/1017","targetHints":{"allow":["GET"]}}],"collection":[{"href":"https:\/\/alexicordiano.com\/en\/wp-json\/wp\/v2\/pages"}],"about":[{"href":"https:\/\/alexicordiano.com\/en\/wp-json\/wp\/v2\/types\/page"}],"author":[{"embeddable":true,"href":"https:\/\/alexicordiano.com\/en\/wp-json\/wp\/v2\/users\/2"}],"replies":[{"embeddable":true,"href":"https:\/\/alexicordiano.com\/en\/wp-json\/wp\/v2\/comments?post=1017"}],"version-history":[{"count":2,"href":"https:\/\/alexicordiano.com\/en\/wp-json\/wp\/v2\/pages\/1017\/revisions"}],"predecessor-version":[{"id":1043,"href":"https:\/\/alexicordiano.com\/en\/wp-json\/wp\/v2\/pages\/1017\/revisions\/1043"}],"wp:featuredmedia":[{"embeddable":true,"href":"https:\/\/alexicordiano.com\/en\/wp-json\/wp\/v2\/media\/861"}],"wp:attachment":[{"href":"https:\/\/alexicordiano.com\/en\/wp-json\/wp\/v2\/media?parent=1017"}],"curies":[{"name":"wp","href":"https:\/\/api.w.org\/{rel}","templated":true}]}}